{"id":176,"date":"2024-12-06T13:55:14","date_gmt":"2024-12-06T13:55:14","guid":{"rendered":"https:\/\/www.portfoliolifestyle.co.za\/?page_id=176"},"modified":"2025-02-13T14:38:45","modified_gmt":"2025-02-13T14:38:45","slug":"bewertungen","status":"publish","type":"page","link":"https:\/\/www.portfoliolifestyle.co.za\/de\/bewertungen\/","title":{"rendered":"Bewertungen"},"content":{"rendered":"<style>.kb-row-layout-id176_6f54f8-bb > .kt-row-column-wrap{align-content:start;}:where(.kb-row-layout-id176_6f54f8-bb > .kt-row-column-wrap) > .wp-block-kadence-column{justify-content:start;}.kb-row-layout-id176_6f54f8-bb > .kt-row-column-wrap{column-gap:var(--global-kb-gap-md, 2rem);row-gap:var(--global-kb-gap-md, 2rem);padding-top:100px;padding-right:50px;padding-bottom:100px;padding-left:50px;}.kb-row-layout-id176_6f54f8-bb > .kt-row-column-wrap > div:not(.added-for-specificity){grid-column:initial;}.kb-row-layout-id176_6f54f8-bb > .kt-row-column-wrap{grid-template-columns:repeat(3, minmax(0, 1fr));}.kb-row-layout-id176_6f54f8-bb > .kt-row-layout-overlay{opacity:0.30;}@media all and (max-width: 1024px){.kb-row-layout-id176_6f54f8-bb > .kt-row-column-wrap > div:not(.added-for-specificity){grid-column:initial;}}@media all and (max-width: 1024px){.kb-row-layout-id176_6f54f8-bb > .kt-row-column-wrap{grid-template-columns:repeat(3, minmax(0, 1fr));}}@media all and (max-width: 767px){.kb-row-layout-id176_6f54f8-bb > .kt-row-column-wrap{padding-right:24px;padding-left:24px;grid-template-columns:minmax(0, 1fr);}.kb-row-layout-id176_6f54f8-bb > .kt-row-column-wrap > div:not(.added-for-specificity){grid-column:initial;}}<\/style><div class=\"kb-row-layout-wrap kb-row-layout-id176_6f54f8-bb alignnone wp-block-kadence-rowlayout\"><div class=\"kt-row-column-wrap kt-has-3-columns kt-row-layout-equal kt-tab-layout-inherit kt-mobile-layout-row kt-row-valign-top\">\n<style>.kadence-column176_dd1ab9-40 > .kt-inside-inner-col,.kadence-column176_dd1ab9-40 > .kt-inside-inner-col:before{border-top-left-radius:0px;border-top-right-radius:0px;border-bottom-right-radius:0px;border-bottom-left-radius:0px;}.kadence-column176_dd1ab9-40 > .kt-inside-inner-col{column-gap:var(--global-kb-gap-sm, 1rem);}.kadence-column176_dd1ab9-40 > .kt-inside-inner-col{flex-direction:column;}.kadence-column176_dd1ab9-40 > .kt-inside-inner-col > .aligncenter{width:100%;}.kadence-column176_dd1ab9-40 > .kt-inside-inner-col:before{opacity:0.3;}.kadence-column176_dd1ab9-40{position:relative;}@media all and (max-width: 1024px){.kadence-column176_dd1ab9-40 > .kt-inside-inner-col{flex-direction:column;justify-content:center;}}@media all and (max-width: 767px){.kadence-column176_dd1ab9-40 > .kt-inside-inner-col{flex-direction:column;justify-content:center;}}<\/style>\n<div class=\"wp-block-kadence-column kadence-column176_dd1ab9-40\"><div class=\"kt-inside-inner-col\"><style>.kt-blocks-testimonials-wrap176_556d10-28 .kt-svg-testimonial-global-icon{font-size:30px;}.kt-blocks-testimonials-wrap176_556d10-28 .kt-testimonial-item-0 .kt-svg-testimonial-icon{font-size:50px;}.kt-blocks-testimonials-wrap176_556d10-28 .kt-testimonial-rating-wrap .kb-svg-icon-wrap{color:#ffd700;font-size:16px;}.kt-blocks-testimonials-wrap176_556d10-28 .kt-testimonial-grid-wrap{gap:var(--global-kb-gap-md, 2rem);}.kt-blocks-testimonials-wrap176_556d10-28 .kt-testimonial-item-wrap .kt-testimonial-text-wrap{padding-top:20px;padding-right:20px;padding-bottom:20px;padding-left:20px;}.kt-blocks-testimonials-wrap176_556d10-28 .kt-testimonial-occupation{font-size:15px;}.kt-blocks-testimonials-wrap176_556d10-28 .kt-testimonial-item-wrap{max-width:500px;}.kt-blocks-testimonials-wrap176_556d10-28 .kt-testimonial-item-wrap .kt-testimonial-text-wrap{max-width:500px;}.kt-blocks-testimonials-wrap176_556d10-28 .kt-testimonial-media-inner-wrap{width:60px;border-top:0px solid;border-right:0px solid;border-bottom:0px solid;border-left:0px solid;padding-top:0px;padding-right:0px;padding-bottom:0px;padding-left:0px;}.kt-blocks-testimonials-wrap176_556d10-28 .kt-svg-testimonial-icon{justify-content:center;align-items:center;}@media all and (max-width: 1024px){.kt-blocks-testimonials-wrap176_556d10-28 .kt-testimonial-media-inner-wrap{border-top:0px solid;border-right:0px solid;border-bottom:0px solid;border-left:0px solid;}}@media all and (max-width: 767px){.kt-blocks-testimonials-wrap176_556d10-28{padding-top:px;padding-bottom:px;margin-top:px;margin-bottom:px;}.kt-blocks-testimonials-wrap176_556d10-28 .kt-testimonial-media-inner-wrap{border-top:0px solid;border-right:0px solid;border-bottom:0px solid;border-left:0px solid;}}<\/style><div class=\"kt-blocks-testimonials-wrap176_556d10-28 kt-testimonial-halign-center kt-testimonial-style-bubble kt-testimonials-media-on kt-testimonials-icon-off kt-testimonial-columns-1 kt-t-xxl-col-1 kt-t-xl-col-1 kt-t-lg-col-1 kt-t-md-col-1 kt-t-sm-col-1 kt-t-xs-col-1 wp-block-kadence-testimonials\"><div class=\"kt-blocks-testimonials-inner-wrap kt-testimonial-grid-wrap\">\n<div class=\"kt-testimonial-item-wrap kt-testimonial-item-176_637657-bd wp-block-kadence-testimonial\"><div class=\"kt-testimonial-text-wrap\"><div class=\"kt-testimonial-title-wrap\"><h2 class=\"kt-testimonial-title\">Das Haus des Grange Guesthouse f\u00fcr 2 Tage ab dem 6. September 2024<\/h2><\/div><div class=\"kt-testimonial-content-wrap\"><div class=\"kt-testimonial-content\">Dies war mein 45. Austausch und einer meiner Top 3 Aufenthalte. Nicht nur ist jeder Aspekt der Eigenschaft perfekt, Heather ist der unglaublichste Gastgeber! Die Bilder werden der Immobilie nicht gerecht. Wir wollten gar nicht mehr weg! Und ich plane bereits meinen n\u00e4chsten Aufenthalt.<\/div><\/div><\/div><div class=\"kt-testimonial-meta-wrap\"><div class=\"kt-testimonial-media-wrap\"><div class=\"kt-testimonial-media-inner-wrap\"><div class=\"kadence-testimonial-image-intrisic\"><div class=\"kt-svg-testimonial-icon kt-svg-testimonial-icon-ic_person\"><svg viewbox=\"0 0 8 8\"  fill=\"currentColor\" xmlns=\"http:\/\/www.w3.org\/2000\/svg\"   height=\"40\" width=\"40\" style=\"color: \" role=\"img\"><path d=\"M4 0c-1.1 0-2 1.12-2 2.5s.9 2.5 2 2.5 2-1.12 2-2.5-.9-2.5-2-2.5zm-2.09 5c-1.06.05-1.91.92-1.91 2v1h8v-1c0-1.08-.84-1.95-1.91-2-.54.61-1.28 1-2.09 1-.81 0-1.55-.39-2.09-1z\"\/><\/svg><\/div><\/div><\/div><\/div><div class=\"kt-testimonial-meta-name-wrap\"><div class=\"kt-testimonial-name-wrap\"><div class=\"kt-testimonial-name\"><strong>Memre<\/strong><\/div><\/div><div class=\"kt-testimonial-occupation-wrap\"><div class=\"kt-testimonial-occupation\">Haustausch Gast<\/div><\/div><\/div><\/div><\/div>\n<\/div><\/div><\/div><\/div>\n\n\n<style>.kadence-column176_dac0e8-46 > .kt-inside-inner-col,.kadence-column176_dac0e8-46 > .kt-inside-inner-col:before{border-top-left-radius:0px;border-top-right-radius:0px;border-bottom-right-radius:0px;border-bottom-left-radius:0px;}.kadence-column176_dac0e8-46 > .kt-inside-inner-col{column-gap:var(--global-kb-gap-sm, 1rem);}.kadence-column176_dac0e8-46 > .kt-inside-inner-col{flex-direction:column;}.kadence-column176_dac0e8-46 > .kt-inside-inner-col > .aligncenter{width:100%;}.kadence-column176_dac0e8-46 > .kt-inside-inner-col:before{opacity:0.3;}.kadence-column176_dac0e8-46{position:relative;}@media all and (max-width: 1024px){.kadence-column176_dac0e8-46 > .kt-inside-inner-col{flex-direction:column;justify-content:center;}}@media all and (max-width: 767px){.kadence-column176_dac0e8-46 > .kt-inside-inner-col{flex-direction:column;justify-content:center;}}<\/style>\n<div class=\"wp-block-kadence-column kadence-column176_dac0e8-46\"><div class=\"kt-inside-inner-col\"><style>.kt-blocks-testimonials-wrap176_9ace43-8f .kt-svg-testimonial-global-icon{font-size:30px;}.kt-blocks-testimonials-wrap176_9ace43-8f .kt-testimonial-item-0 .kt-svg-testimonial-icon{font-size:50px;}.kt-blocks-testimonials-wrap176_9ace43-8f .kt-testimonial-rating-wrap .kb-svg-icon-wrap{color:#ffd700;font-size:16px;}.kt-blocks-testimonials-wrap176_9ace43-8f .kt-testimonial-grid-wrap{gap:var(--global-kb-gap-md, 2rem);}.kt-blocks-testimonials-wrap176_9ace43-8f .kt-testimonial-item-wrap .kt-testimonial-text-wrap{padding-top:20px;padding-right:20px;padding-bottom:20px;padding-left:20px;}.kt-blocks-testimonials-wrap176_9ace43-8f .kt-testimonial-occupation{font-size:15px;}.kt-blocks-testimonials-wrap176_9ace43-8f .kt-testimonial-item-wrap{max-width:500px;}.kt-blocks-testimonials-wrap176_9ace43-8f .kt-testimonial-item-wrap .kt-testimonial-text-wrap{max-width:500px;}.kt-blocks-testimonials-wrap176_9ace43-8f .kt-testimonial-media-inner-wrap{width:60px;border-top:0px solid;border-right:0px solid;border-bottom:0px solid;border-left:0px solid;padding-top:0px;padding-right:0px;padding-bottom:0px;padding-left:0px;}.kt-blocks-testimonials-wrap176_9ace43-8f .kt-svg-testimonial-icon{justify-content:center;align-items:center;}@media all and (max-width: 1024px){.kt-blocks-testimonials-wrap176_9ace43-8f .kt-testimonial-media-inner-wrap{border-top:0px solid;border-right:0px solid;border-bottom:0px solid;border-left:0px solid;}}@media all and (max-width: 767px){.kt-blocks-testimonials-wrap176_9ace43-8f{padding-top:px;padding-bottom:px;margin-top:px;margin-bottom:px;}.kt-blocks-testimonials-wrap176_9ace43-8f .kt-testimonial-media-inner-wrap{border-top:0px solid;border-right:0px solid;border-bottom:0px solid;border-left:0px solid;}}<\/style><div class=\"kt-blocks-testimonials-wrap176_9ace43-8f kt-testimonial-halign-center kt-testimonial-style-bubble kt-testimonials-media-on kt-testimonials-icon-off kt-testimonial-columns-1 kt-t-xxl-col-1 kt-t-xl-col-1 kt-t-lg-col-1 kt-t-md-col-1 kt-t-sm-col-1 kt-t-xs-col-1 wp-block-kadence-testimonials\"><div class=\"kt-blocks-testimonials-inner-wrap kt-testimonial-grid-wrap\">\n<div class=\"kt-testimonial-item-wrap kt-testimonial-item-176_e3ccb9-b8 wp-block-kadence-testimonial\"><div class=\"kt-testimonial-text-wrap\"><div class=\"kt-testimonial-title-wrap\"><h2 class=\"kt-testimonial-title\">Das Haus des Grange Guesthouse f\u00fcr 7 Tage ab 17. September 2024<\/h2><\/div><div class=\"kt-testimonial-content-wrap\"><div class=\"kt-testimonial-content\">Wir hatten eine wunderbare Zeit in Heathers wundersch\u00f6nem G\u00e4stehaus. Alles ist nagelneu und luxuri\u00f6s ausgestattet, es gab jede Menge Brennholz f\u00fcr den gem\u00fctlichen Kamin, die Schlafzimmer hatten alles, wovon man nur tr\u00e4umen kann... Heizdecken, Qualit\u00e4tsbettw\u00e4sche und einen atemberaubenden Blick auf das Tal. Sie war eine sehr aufmerksame Gastgeberin und gab uns das Gef\u00fchl, besonders willkommen zu sein.<\/div><\/div><\/div><div class=\"kt-testimonial-meta-wrap\"><div class=\"kt-testimonial-media-wrap\"><div class=\"kt-testimonial-media-inner-wrap\"><div class=\"kadence-testimonial-image-intrisic\"><div class=\"kt-svg-testimonial-icon kt-svg-testimonial-icon-ic_person\"><svg viewbox=\"0 0 8 8\"  fill=\"currentColor\" xmlns=\"http:\/\/www.w3.org\/2000\/svg\"   height=\"40\" width=\"40\" style=\"color: \" role=\"img\"><path d=\"M4 0c-1.1 0-2 1.12-2 2.5s.9 2.5 2 2.5 2-1.12 2-2.5-.9-2.5-2-2.5zm-2.09 5c-1.06.05-1.91.92-1.91 2v1h8v-1c0-1.08-.84-1.95-1.91-2-.54.61-1.28 1-2.09 1-.81 0-1.55-.39-2.09-1z\"\/><\/svg><\/div><\/div><\/div><\/div><div class=\"kt-testimonial-meta-name-wrap\"><div class=\"kt-testimonial-name-wrap\"><div class=\"kt-testimonial-name\"><strong>Carin<\/strong><\/div><\/div><div class=\"kt-testimonial-occupation-wrap\"><div class=\"kt-testimonial-occupation\">Haustausch Gast<\/div><\/div><\/div><\/div><\/div>\n<\/div><\/div><\/div><\/div>\n\n\n<style>.kadence-column176_c8b79f-ec > .kt-inside-inner-col,.kadence-column176_c8b79f-ec > .kt-inside-inner-col:before{border-top-left-radius:0px;border-top-right-radius:0px;border-bottom-right-radius:0px;border-bottom-left-radius:0px;}.kadence-column176_c8b79f-ec > .kt-inside-inner-col{column-gap:var(--global-kb-gap-sm, 1rem);}.kadence-column176_c8b79f-ec > .kt-inside-inner-col{flex-direction:column;}.kadence-column176_c8b79f-ec > .kt-inside-inner-col > .aligncenter{width:100%;}.kadence-column176_c8b79f-ec > .kt-inside-inner-col:before{opacity:0.3;}.kadence-column176_c8b79f-ec{position:relative;}@media all and (max-width: 1024px){.kadence-column176_c8b79f-ec > .kt-inside-inner-col{flex-direction:column;justify-content:center;}}@media all and (max-width: 767px){.kadence-column176_c8b79f-ec > .kt-inside-inner-col{flex-direction:column;justify-content:center;}}<\/style>\n<div class=\"wp-block-kadence-column kadence-column176_c8b79f-ec\"><div class=\"kt-inside-inner-col\"><style>.kt-blocks-testimonials-wrap176_6ec083-ea .kt-svg-testimonial-global-icon{font-size:30px;}.kt-blocks-testimonials-wrap176_6ec083-ea .kt-testimonial-item-0 .kt-svg-testimonial-icon{font-size:50px;}.kt-blocks-testimonials-wrap176_6ec083-ea .kt-testimonial-rating-wrap .kb-svg-icon-wrap{color:#ffd700;font-size:16px;}.kt-blocks-testimonials-wrap176_6ec083-ea .kt-testimonial-grid-wrap{gap:var(--global-kb-gap-md, 2rem);}.kt-blocks-testimonials-wrap176_6ec083-ea .kt-testimonial-item-wrap .kt-testimonial-text-wrap{padding-top:20px;padding-right:20px;padding-bottom:20px;padding-left:20px;}.kt-blocks-testimonials-wrap176_6ec083-ea .kt-testimonial-occupation{font-size:15px;}.kt-blocks-testimonials-wrap176_6ec083-ea .kt-testimonial-item-wrap{max-width:500px;}.kt-blocks-testimonials-wrap176_6ec083-ea .kt-testimonial-item-wrap .kt-testimonial-text-wrap{max-width:500px;}.kt-blocks-testimonials-wrap176_6ec083-ea .kt-testimonial-media-inner-wrap{width:60px;border-top:0px solid;border-right:0px solid;border-bottom:0px solid;border-left:0px solid;padding-top:0px;padding-right:0px;padding-bottom:0px;padding-left:0px;}.kt-blocks-testimonials-wrap176_6ec083-ea .kt-svg-testimonial-icon{justify-content:center;align-items:center;}@media all and (max-width: 1024px){.kt-blocks-testimonials-wrap176_6ec083-ea .kt-testimonial-media-inner-wrap{border-top:0px solid;border-right:0px solid;border-bottom:0px solid;border-left:0px solid;}}@media all and (max-width: 767px){.kt-blocks-testimonials-wrap176_6ec083-ea{padding-top:px;padding-bottom:px;margin-top:px;margin-bottom:px;}.kt-blocks-testimonials-wrap176_6ec083-ea .kt-testimonial-media-inner-wrap{border-top:0px solid;border-right:0px solid;border-bottom:0px solid;border-left:0px solid;}}<\/style><div class=\"kt-blocks-testimonials-wrap176_6ec083-ea kt-testimonial-halign-center kt-testimonial-style-bubble kt-testimonials-media-on kt-testimonials-icon-off kt-testimonial-columns-1 kt-t-xxl-col-1 kt-t-xl-col-1 kt-t-lg-col-1 kt-t-md-col-1 kt-t-sm-col-1 kt-t-xs-col-1 wp-block-kadence-testimonials\"><div class=\"kt-blocks-testimonials-inner-wrap kt-testimonial-grid-wrap\">\n<div class=\"kt-testimonial-item-wrap kt-testimonial-item-176_a6c667-a4 wp-block-kadence-testimonial\"><div class=\"kt-testimonial-text-wrap\"><div class=\"kt-testimonial-title-wrap\"><h2 class=\"kt-testimonial-title\">Das Haus des Grange Guesthouse f\u00fcr 3 Tage ab 8. November 2024<\/h2><\/div><div class=\"kt-testimonial-content-wrap\"><div class=\"kt-testimonial-content\">Wunderbarer Ort, die Fotos werden ihm nicht gerecht. Heather der Gastgeber war sehr gro\u00dfz\u00fcgig und wir genossen unseren Aufenthalt hier, meine Familie waren von der Inneneinrichtung und die Aussicht begeistert. Sehr empfehlenswert f\u00fcr einen ruhigen Familienausflug auf dem Land<\/div><\/div><\/div><div class=\"kt-testimonial-meta-wrap\"><div class=\"kt-testimonial-media-wrap\"><div class=\"kt-testimonial-media-inner-wrap\"><div class=\"kadence-testimonial-image-intrisic\"><div class=\"kt-svg-testimonial-icon kt-svg-testimonial-icon-ic_person\"><svg viewbox=\"0 0 8 8\"  fill=\"currentColor\" xmlns=\"http:\/\/www.w3.org\/2000\/svg\"   height=\"40\" width=\"40\" style=\"color: \" role=\"img\"><path d=\"M4 0c-1.1 0-2 1.12-2 2.5s.9 2.5 2 2.5 2-1.12 2-2.5-.9-2.5-2-2.5zm-2.09 5c-1.06.05-1.91.92-1.91 2v1h8v-1c0-1.08-.84-1.95-1.91-2-.54.61-1.28 1-2.09 1-.81 0-1.55-.39-2.09-1z\"\/><\/svg><\/div><\/div><\/div><\/div><div class=\"kt-testimonial-meta-name-wrap\"><div class=\"kt-testimonial-name-wrap\"><div class=\"kt-testimonial-name\"><strong>Niki<\/strong><\/div><\/div><div class=\"kt-testimonial-occupation-wrap\"><div class=\"kt-testimonial-occupation\">Haustausch Gast<\/div><\/div><\/div><\/div><\/div>\n<\/div><\/div><\/div><\/div>\n\n<\/div><\/div>\n\n<style>.kb-row-layout-id176_126ea1-c7 > .kt-row-column-wrap{align-content:start;}:where(.kb-row-layout-id176_126ea1-c7 > .kt-row-column-wrap) > .wp-block-kadence-column{justify-content:start;}.kb-row-layout-id176_126ea1-c7 > .kt-row-column-wrap{column-gap:var(--global-kb-gap-md, 2rem);row-gap:var(--global-kb-gap-md, 2rem);padding-top:50px;padding-bottom:50px;grid-template-columns:minmax(0, 1fr);}.kb-row-layout-id176_126ea1-c7 > .kt-row-layout-overlay{opacity:0.30;}@media all and (max-width: 1024px){.kb-row-layout-id176_126ea1-c7 > .kt-row-column-wrap{grid-template-columns:minmax(0, 1fr);}}@media all and (max-width: 767px){.kb-row-layout-id176_126ea1-c7 > .kt-row-column-wrap{grid-template-columns:minmax(0, 1fr);}}<\/style><div class=\"kb-row-layout-wrap kb-row-layout-id176_126ea1-c7 alignnone has-theme-palette1-background-color kt-row-has-bg wp-block-kadence-rowlayout\"><div class=\"kt-row-column-wrap kt-has-1-columns kt-row-layout-equal kt-tab-layout-inherit kt-mobile-layout-row kt-row-valign-top\">\n<style>.kadence-column176_a90308-cb > .kt-inside-inner-col,.kadence-column176_a90308-cb > .kt-inside-inner-col:before{border-top-left-radius:0px;border-top-right-radius:0px;border-bottom-right-radius:0px;border-bottom-left-radius:0px;}.kadence-column176_a90308-cb > .kt-inside-inner-col{column-gap:var(--global-kb-gap-sm, 1rem);}.kadence-column176_a90308-cb > .kt-inside-inner-col{flex-direction:column;}.kadence-column176_a90308-cb > .kt-inside-inner-col > .aligncenter{width:100%;}.kadence-column176_a90308-cb > .kt-inside-inner-col:before{opacity:0.3;}.kadence-column176_a90308-cb{position:relative;}@media all and (max-width: 1024px){.kadence-column176_a90308-cb > .kt-inside-inner-col{flex-direction:column;justify-content:center;}}@media all and (max-width: 767px){.kadence-column176_a90308-cb > .kt-inside-inner-col{flex-direction:column;justify-content:center;}}<\/style>\n<div class=\"wp-block-kadence-column kadence-column176_a90308-cb\"><div class=\"kt-inside-inner-col\"><\/div><\/div>\n\n<\/div><\/div>","protected":false},"excerpt":{"rendered":"","protected":false},"author":1,"featured_media":0,"parent":0,"menu_order":0,"comment_status":"closed","ping_status":"closed","template":"","meta":{"_kad_post_transparent":"disable","_kad_post_title":"default","_kad_post_layout":"fullwidth","_kad_post_sidebar_id":"","_kad_post_content_style":"unboxed","_kad_post_vertical_padding":"","_kad_post_feature":"","_kad_post_feature_position":"","_kad_post_header":false,"_kad_post_footer":false,"footnotes":""},"class_list":["post-176","page","type-page","status-publish","hentry"],"_links":{"self":[{"href":"https:\/\/www.portfoliolifestyle.co.za\/de\/wp-json\/wp\/v2\/pages\/176","targetHints":{"allow":["GET"]}}],"collection":[{"href":"https:\/\/www.portfoliolifestyle.co.za\/de\/wp-json\/wp\/v2\/pages"}],"about":[{"href":"https:\/\/www.portfoliolifestyle.co.za\/de\/wp-json\/wp\/v2\/types\/page"}],"author":[{"embeddable":true,"href":"https:\/\/www.portfoliolifestyle.co.za\/de\/wp-json\/wp\/v2\/users\/1"}],"replies":[{"embeddable":true,"href":"https:\/\/www.portfoliolifestyle.co.za\/de\/wp-json\/wp\/v2\/comments?post=176"}],"version-history":[{"count":9,"href":"https:\/\/www.portfoliolifestyle.co.za\/de\/wp-json\/wp\/v2\/pages\/176\/revisions"}],"predecessor-version":[{"id":510,"href":"https:\/\/www.portfoliolifestyle.co.za\/de\/wp-json\/wp\/v2\/pages\/176\/revisions\/510"}],"wp:attachment":[{"href":"https:\/\/www.portfoliolifestyle.co.za\/de\/wp-json\/wp\/v2\/media?parent=176"}],"curies":[{"name":"wp","href":"https:\/\/api.w.org\/{rel}","templated":true}]}}