{"id":150,"date":"2024-12-06T07:29:42","date_gmt":"2024-12-06T07:29:42","guid":{"rendered":"https:\/\/www.portfoliolifestyle.co.za\/?page_id=150"},"modified":"2025-02-13T14:37:53","modified_gmt":"2025-02-13T14:37:53","slug":"actividades","status":"publish","type":"page","link":"https:\/\/www.portfoliolifestyle.co.za\/pt\/actividades\/","title":{"rendered":"Actividades"},"content":{"rendered":"<style>.kb-row-layout-wrap.wp-block-kadence-rowlayout.kb-row-layout-id150_12b093-3d{margin-top:0px;margin-bottom:0px;}.kb-row-layout-id150_12b093-3d > .kt-row-column-wrap{align-content:start;}:where(.kb-row-layout-id150_12b093-3d > .kt-row-column-wrap) > .wp-block-kadence-column{justify-content:start;}.kb-row-layout-id150_12b093-3d > .kt-row-column-wrap{column-gap:var(--global-kb-gap-none, 0rem );row-gap:var(--global-kb-gap-md, 2rem);padding-top:0px;padding-right:0px;padding-bottom:0px;padding-left:0px;grid-template-columns:minmax(0, calc(50% - ((var(--global-kb-gap-none, 0rem ) * 1 )\/2)))minmax(0, calc(50% - ((var(--global-kb-gap-none, 0rem ) * 1 )\/2)));}.kb-row-layout-id150_12b093-3d > .kt-row-layout-overlay{opacity:0.30;}@media all and (max-width: 1024px){.kb-row-layout-id150_12b093-3d > .kt-row-column-wrap{grid-template-columns:repeat(2, minmax(0, 1fr));}}@media all and (max-width: 767px){.kb-row-layout-id150_12b093-3d > .kt-row-column-wrap{padding-bottom:30px;grid-template-columns:minmax(0, 1fr);}.kb-row-layout-id150_12b093-3d > .kt-row-column-wrap > .wp-block-kadence-column:nth-of-type(1){order:2;}.kb-row-layout-id150_12b093-3d > .kt-row-column-wrap > .wp-block-kadence-column:nth-of-type(2){order:1;}.kb-row-layout-id150_12b093-3d > .kt-row-column-wrap > .wp-block-kadence-column:nth-of-type(3){order:12;}.kb-row-layout-id150_12b093-3d > .kt-row-column-wrap > .wp-block-kadence-column:nth-of-type(4){order:11;}.kb-row-layout-id150_12b093-3d > .kt-row-column-wrap > .wp-block-kadence-column:nth-of-type(5){order:22;}.kb-row-layout-id150_12b093-3d > .kt-row-column-wrap > .wp-block-kadence-column:nth-of-type(6){order:21;}.kb-row-layout-id150_12b093-3d > .kt-row-column-wrap > .wp-block-kadence-column:nth-of-type(7){order:32;}.kb-row-layout-id150_12b093-3d > .kt-row-column-wrap > .wp-block-kadence-column:nth-of-type(8){order:31;}}<\/style><div class=\"kb-row-layout-wrap kb-row-layout-id150_12b093-3d alignnone wp-block-kadence-rowlayout\"><div class=\"kt-row-column-wrap kt-has-2-columns kt-row-layout-equal kt-tab-layout-inherit kt-mobile-layout-row kt-row-valign-top\">\n<style>.kadence-column150_db0440-10 > .kt-inside-inner-col,.kadence-column150_db0440-10 > .kt-inside-inner-col:before{border-top-left-radius:0px;border-top-right-radius:0px;border-bottom-right-radius:0px;border-bottom-left-radius:0px;}.kadence-column150_db0440-10 > .kt-inside-inner-col{column-gap:var(--global-kb-gap-sm, 1rem);}.kadence-column150_db0440-10 > .kt-inside-inner-col{flex-direction:column;}.kadence-column150_db0440-10 > .kt-inside-inner-col > .aligncenter{width:100%;}.kadence-column150_db0440-10 > .kt-inside-inner-col:before{opacity:0.3;}.kadence-column150_db0440-10{position:relative;}@media all and (max-width: 1024px){.kadence-column150_db0440-10 > .kt-inside-inner-col{flex-direction:column;justify-content:center;}}@media all and (max-width: 767px){.kadence-column150_db0440-10 > .kt-inside-inner-col{flex-direction:column;justify-content:center;}}<\/style>\n<div class=\"wp-block-kadence-column kadence-column150_db0440-10\"><div class=\"kt-inside-inner-col\"><style>.wp-block-kadence-advancedheading.kt-adv-heading150_d03db6-9d, .wp-block-kadence-advancedheading.kt-adv-heading150_d03db6-9d[data-kb-block=\"kb-adv-heading150_d03db6-9d\"]{padding-top:100px;padding-right:0px;padding-left:50px;text-align:left;font-weight:400;font-style:normal;font-family:Spinnaker;}.wp-block-kadence-advancedheading.kt-adv-heading150_d03db6-9d mark.kt-highlight, .wp-block-kadence-advancedheading.kt-adv-heading150_d03db6-9d[data-kb-block=\"kb-adv-heading150_d03db6-9d\"] mark.kt-highlight{font-style:normal;color:#f76a0c;-webkit-box-decoration-break:clone;box-decoration-break:clone;padding-top:0px;padding-right:0px;padding-bottom:0px;padding-left:0px;}@media all and (max-width: 767px){.wp-block-kadence-advancedheading.kt-adv-heading150_d03db6-9d, .wp-block-kadence-advancedheading.kt-adv-heading150_d03db6-9d[data-kb-block=\"kb-adv-heading150_d03db6-9d\"]{padding-top:0px;padding-left:0px;text-align:center!important;}}<\/style>\n<h2 class=\"kt-adv-heading150_d03db6-9d wp-block-kadence-advancedheading\" data-kb-block=\"kb-adv-heading150_d03db6-9d\">A QUINTA<\/h2>\n\n\n<style>.wp-block-kadence-advancedheading.kt-adv-heading150_62aef3-f6, .wp-block-kadence-advancedheading.kt-adv-heading150_62aef3-f6[data-kb-block=\"kb-adv-heading150_62aef3-f6\"]{padding-right:50px;padding-left:50px;font-style:normal;}.wp-block-kadence-advancedheading.kt-adv-heading150_62aef3-f6 mark.kt-highlight, .wp-block-kadence-advancedheading.kt-adv-heading150_62aef3-f6[data-kb-block=\"kb-adv-heading150_62aef3-f6\"] mark.kt-highlight{font-style:normal;color:#f76a0c;-webkit-box-decoration-break:clone;box-decoration-break:clone;padding-top:0px;padding-right:0px;padding-bottom:0px;padding-left:0px;}@media all and (max-width: 767px){.wp-block-kadence-advancedheading.kt-adv-heading150_62aef3-f6, .wp-block-kadence-advancedheading.kt-adv-heading150_62aef3-f6[data-kb-block=\"kb-adv-heading150_62aef3-f6\"]{padding-right:24px;padding-left:24px;}}<\/style>\n<p class=\"kt-adv-heading150_62aef3-f6 wp-block-kadence-advancedheading\" data-kb-block=\"kb-adv-heading150_62aef3-f6\">Experimente a quinta em funcionamento. Desfrute de nadar nas represas, de caminhadas pelos bosques fyn, da incr\u00edvel vida das aves, que inclui a ave nacional da \u00c1frica do Sul, o Grou Azul, e das aves de rapina, o Chacal Buzzard, o Harrier Preto e a \u00c1guia Pesqueira Africana, que enfeitam a quinta. Mergulhe no ambiente sereno e na beleza tranquila.<\/p>\n<\/div><\/div>\n\n\n<style>.kadence-column150_7479dd-52 > .kt-inside-inner-col,.kadence-column150_7479dd-52 > .kt-inside-inner-col:before{border-top-left-radius:0px;border-top-right-radius:0px;border-bottom-right-radius:0px;border-bottom-left-radius:0px;}.kadence-column150_7479dd-52 > .kt-inside-inner-col{column-gap:var(--global-kb-gap-sm, 1rem);}.kadence-column150_7479dd-52 > .kt-inside-inner-col{flex-direction:column;}.kadence-column150_7479dd-52 > .kt-inside-inner-col > .aligncenter{width:100%;}.kadence-column150_7479dd-52 > .kt-inside-inner-col:before{opacity:0.3;}.kadence-column150_7479dd-52{position:relative;}@media all and (max-width: 1024px){.kadence-column150_7479dd-52 > .kt-inside-inner-col{flex-direction:column;justify-content:center;}}@media all and (max-width: 767px){.kadence-column150_7479dd-52 > .kt-inside-inner-col{flex-direction:column;justify-content:center;}}<\/style>\n<div class=\"wp-block-kadence-column kadence-column150_7479dd-52\"><div class=\"kt-inside-inner-col\"><style>.kb-image150_7a1f8f-0d:not(.kb-image-is-ratio-size) .kb-img, .kb-image150_7a1f8f-0d.kb-image-is-ratio-size{padding-right:0px;}.kb-image150_7a1f8f-0d .kb-image-has-overlay:after{opacity:0.3;}<\/style>\n<div class=\"wp-block-kadence-image kb-image150_7a1f8f-0d\"><figure class=\"aligncenter size-large\"><img loading=\"lazy\" decoding=\"async\" width=\"1024\" height=\"682\" src=\"https:\/\/www.portfoliolifestyle.co.za\/wp-content\/uploads\/The-Grange-Guest-House-11-1024x682.jpg\" alt=\"\" class=\"kb-img wp-image-76\" srcset=\"https:\/\/www.portfoliolifestyle.co.za\/wp-content\/uploads\/The-Grange-Guest-House-11-1024x682.jpg 1024w, https:\/\/www.portfoliolifestyle.co.za\/wp-content\/uploads\/The-Grange-Guest-House-11-300x200.jpg 300w, https:\/\/www.portfoliolifestyle.co.za\/wp-content\/uploads\/The-Grange-Guest-House-11-768x512.jpg 768w, https:\/\/www.portfoliolifestyle.co.za\/wp-content\/uploads\/The-Grange-Guest-House-11.jpg 1280w\" sizes=\"auto, (max-width: 1024px) 100vw, 1024px\" \/><\/figure><\/div>\n<\/div><\/div>\n\n<\/div><\/div>\n\n<style>.kb-row-layout-id150_228738-eb > .kt-row-column-wrap{align-content:start;}:where(.kb-row-layout-id150_228738-eb > .kt-row-column-wrap) > .wp-block-kadence-column{justify-content:start;}.kb-row-layout-id150_228738-eb > .kt-row-column-wrap{column-gap:var(--global-kb-gap-none, 0rem );row-gap:var(--global-kb-gap-md, 2rem);padding-top:0px;padding-right:0px;padding-bottom:0px;padding-left:0px;grid-template-columns:minmax(0, calc(50% - ((var(--global-kb-gap-none, 0rem ) * 1 )\/2)))minmax(0, calc(50% - ((var(--global-kb-gap-none, 0rem ) * 1 )\/2)));}.kb-row-layout-id150_228738-eb > .kt-row-layout-overlay{opacity:0.30;}@media all and (max-width: 1024px){.kb-row-layout-id150_228738-eb > .kt-row-column-wrap{grid-template-columns:repeat(2, minmax(0, 1fr));}}@media all and (max-width: 767px){.kb-row-layout-id150_228738-eb > .kt-row-column-wrap{grid-template-columns:minmax(0, 1fr);}}<\/style><div class=\"kb-row-layout-wrap kb-row-layout-id150_228738-eb alignnone wp-block-kadence-rowlayout\"><div class=\"kt-row-column-wrap kt-has-2-columns kt-row-layout-equal kt-tab-layout-inherit kt-mobile-layout-row kt-row-valign-top\">\n<style>.kadence-column150_db0079-e9 > .kt-inside-inner-col,.kadence-column150_db0079-e9 > .kt-inside-inner-col:before{border-top-left-radius:0px;border-top-right-radius:0px;border-bottom-right-radius:0px;border-bottom-left-radius:0px;}.kadence-column150_db0079-e9 > .kt-inside-inner-col{column-gap:var(--global-kb-gap-sm, 1rem);}.kadence-column150_db0079-e9 > .kt-inside-inner-col{flex-direction:column;}.kadence-column150_db0079-e9 > .kt-inside-inner-col > .aligncenter{width:100%;}.kadence-column150_db0079-e9 > .kt-inside-inner-col:before{opacity:0.3;}.kadence-column150_db0079-e9{position:relative;}@media all and (max-width: 1024px){.kadence-column150_db0079-e9 > .kt-inside-inner-col{flex-direction:column;justify-content:center;}}@media all and (max-width: 767px){.kadence-column150_db0079-e9 > .kt-inside-inner-col{flex-direction:column;justify-content:center;}}<\/style>\n<div class=\"wp-block-kadence-column kadence-column150_db0079-e9\"><div class=\"kt-inside-inner-col\"><style>.kb-image150_640e09-e9:not(.kb-image-is-ratio-size) .kb-img, .kb-image150_640e09-e9.kb-image-is-ratio-size{padding-left:0px;}.kb-image150_640e09-e9 .kb-image-has-overlay:after{opacity:0.3;}<\/style>\n<div class=\"wp-block-kadence-image kb-image150_640e09-e9\"><figure class=\"aligncenter size-large\"><img loading=\"lazy\" decoding=\"async\" width=\"1024\" height=\"576\" src=\"https:\/\/www.portfoliolifestyle.co.za\/wp-content\/uploads\/The-Grange-Guest-House-16-1024x576.jpg\" alt=\"\" class=\"kb-img wp-image-208\" srcset=\"https:\/\/www.portfoliolifestyle.co.za\/wp-content\/uploads\/The-Grange-Guest-House-16-1024x576.jpg 1024w, https:\/\/www.portfoliolifestyle.co.za\/wp-content\/uploads\/The-Grange-Guest-House-16-300x169.jpg 300w, https:\/\/www.portfoliolifestyle.co.za\/wp-content\/uploads\/The-Grange-Guest-House-16-768x432.jpg 768w, https:\/\/www.portfoliolifestyle.co.za\/wp-content\/uploads\/The-Grange-Guest-House-16.jpg 1280w\" sizes=\"auto, (max-width: 1024px) 100vw, 1024px\" \/><\/figure><\/div>\n<\/div><\/div>\n\n\n<style>.kadence-column150_0d73a9-e1 > .kt-inside-inner-col,.kadence-column150_0d73a9-e1 > .kt-inside-inner-col:before{border-top-left-radius:0px;border-top-right-radius:0px;border-bottom-right-radius:0px;border-bottom-left-radius:0px;}.kadence-column150_0d73a9-e1 > .kt-inside-inner-col{column-gap:var(--global-kb-gap-sm, 1rem);}.kadence-column150_0d73a9-e1 > .kt-inside-inner-col{flex-direction:column;}.kadence-column150_0d73a9-e1 > .kt-inside-inner-col > .aligncenter{width:100%;}.kadence-column150_0d73a9-e1 > .kt-inside-inner-col:before{opacity:0.3;}.kadence-column150_0d73a9-e1{position:relative;}@media all and (max-width: 1024px){.kadence-column150_0d73a9-e1 > .kt-inside-inner-col{flex-direction:column;justify-content:center;}}@media all and (max-width: 767px){.kadence-column150_0d73a9-e1 > .kt-inside-inner-col{flex-direction:column;justify-content:center;}}<\/style>\n<div class=\"wp-block-kadence-column kadence-column150_0d73a9-e1\"><div class=\"kt-inside-inner-col\"><style>.wp-block-kadence-advancedheading.kt-adv-heading150_b19e46-ea, .wp-block-kadence-advancedheading.kt-adv-heading150_b19e46-ea[data-kb-block=\"kb-adv-heading150_b19e46-ea\"]{padding-top:50px;padding-left:50px;text-align:left;font-weight:400;font-style:normal;font-family:Spinnaker;}.wp-block-kadence-advancedheading.kt-adv-heading150_b19e46-ea mark.kt-highlight, .wp-block-kadence-advancedheading.kt-adv-heading150_b19e46-ea[data-kb-block=\"kb-adv-heading150_b19e46-ea\"] mark.kt-highlight{font-style:normal;color:#f76a0c;-webkit-box-decoration-break:clone;box-decoration-break:clone;padding-top:0px;padding-right:0px;padding-bottom:0px;padding-left:0px;}@media all and (max-width: 767px){.wp-block-kadence-advancedheading.kt-adv-heading150_b19e46-ea, .wp-block-kadence-advancedheading.kt-adv-heading150_b19e46-ea[data-kb-block=\"kb-adv-heading150_b19e46-ea\"]{padding-top:0px;padding-left:0px;text-align:center!important;}}<\/style>\n<h2 class=\"kt-adv-heading150_b19e46-ea wp-block-kadence-advancedheading\" data-kb-block=\"kb-adv-heading150_b19e46-ea\">O VALE<\/h2>\n\n\n<style>.wp-block-kadence-advancedheading.kt-adv-heading150_229300-3a, .wp-block-kadence-advancedheading.kt-adv-heading150_229300-3a[data-kb-block=\"kb-adv-heading150_229300-3a\"]{padding-right:50px;padding-left:50px;font-style:normal;}.wp-block-kadence-advancedheading.kt-adv-heading150_229300-3a mark.kt-highlight, .wp-block-kadence-advancedheading.kt-adv-heading150_229300-3a[data-kb-block=\"kb-adv-heading150_229300-3a\"] mark.kt-highlight{font-style:normal;color:#f76a0c;-webkit-box-decoration-break:clone;box-decoration-break:clone;padding-top:0px;padding-right:0px;padding-bottom:0px;padding-left:0px;}@media all and (max-width: 767px){.wp-block-kadence-advancedheading.kt-adv-heading150_229300-3a, .wp-block-kadence-advancedheading.kt-adv-heading150_229300-3a[data-kb-block=\"kb-adv-heading150_229300-3a\"]{padding-right:24px;padding-bottom:50px;padding-left:24px;}}<\/style>\n<p class=\"kt-adv-heading150_229300-3a wp-block-kadence-advancedheading\" data-kb-block=\"kb-adv-heading150_229300-3a\">Famosa pelas suas vinhas de renome mundial, pode desfrutar de muito \u00e0 sua porta. \u00c9 o lar de locais pitorescos para casamentos, coudelarias, degusta\u00e7\u00e3o de vinhos premiados internacionalmente na quinta onde s\u00e3o cultivados, restaurantes, caminhadas imaculadas, trilhos para corrida e percursos de BTT, passeios a cavalo, tirolesa, corrida no parque e moto-quatro.<\/p>\n<\/div><\/div>\n\n<\/div><\/div>\n\n<style>.kb-row-layout-wrap.wp-block-kadence-rowlayout.kb-row-layout-id150_8ef2da-0c{margin-top:0px;margin-bottom:0px;}.kb-row-layout-id150_8ef2da-0c > .kt-row-column-wrap{align-content:start;}:where(.kb-row-layout-id150_8ef2da-0c > .kt-row-column-wrap) > .wp-block-kadence-column{justify-content:start;}.kb-row-layout-id150_8ef2da-0c > .kt-row-column-wrap{column-gap:var(--global-kb-gap-none, 0rem );row-gap:var(--global-kb-gap-md, 2rem);padding-top:0px;padding-right:0px;padding-bottom:50px;padding-left:0px;grid-template-columns:minmax(0, calc(50% - ((var(--global-kb-gap-none, 0rem ) * 1 )\/2)))minmax(0, calc(50% - ((var(--global-kb-gap-none, 0rem ) * 1 )\/2)));}.kb-row-layout-id150_8ef2da-0c > .kt-row-layout-overlay{opacity:0.30;}@media all and (max-width: 1024px){.kb-row-layout-id150_8ef2da-0c > .kt-row-column-wrap{grid-template-columns:repeat(2, minmax(0, 1fr));}}@media all and (max-width: 767px){.kb-row-layout-id150_8ef2da-0c > .kt-row-column-wrap{grid-template-columns:minmax(0, 1fr);}.kb-row-layout-id150_8ef2da-0c > .kt-row-column-wrap > .wp-block-kadence-column:nth-of-type(1){order:2;}.kb-row-layout-id150_8ef2da-0c > .kt-row-column-wrap > .wp-block-kadence-column:nth-of-type(2){order:1;}.kb-row-layout-id150_8ef2da-0c > .kt-row-column-wrap > .wp-block-kadence-column:nth-of-type(3){order:12;}.kb-row-layout-id150_8ef2da-0c > .kt-row-column-wrap > .wp-block-kadence-column:nth-of-type(4){order:11;}.kb-row-layout-id150_8ef2da-0c > .kt-row-column-wrap > .wp-block-kadence-column:nth-of-type(5){order:22;}.kb-row-layout-id150_8ef2da-0c > .kt-row-column-wrap > .wp-block-kadence-column:nth-of-type(6){order:21;}.kb-row-layout-id150_8ef2da-0c > .kt-row-column-wrap > .wp-block-kadence-column:nth-of-type(7){order:32;}.kb-row-layout-id150_8ef2da-0c > .kt-row-column-wrap > .wp-block-kadence-column:nth-of-type(8){order:31;}}<\/style><div class=\"kb-row-layout-wrap kb-row-layout-id150_8ef2da-0c alignnone wp-block-kadence-rowlayout\"><div class=\"kt-row-column-wrap kt-has-2-columns kt-row-layout-equal kt-tab-layout-inherit kt-mobile-layout-row kt-row-valign-top\">\n<style>.kadence-column150_b26116-f5 > .kt-inside-inner-col,.kadence-column150_b26116-f5 > .kt-inside-inner-col:before{border-top-left-radius:0px;border-top-right-radius:0px;border-bottom-right-radius:0px;border-bottom-left-radius:0px;}.kadence-column150_b26116-f5 > .kt-inside-inner-col{column-gap:var(--global-kb-gap-sm, 1rem);}.kadence-column150_b26116-f5 > .kt-inside-inner-col{flex-direction:column;}.kadence-column150_b26116-f5 > .kt-inside-inner-col > .aligncenter{width:100%;}.kadence-column150_b26116-f5 > .kt-inside-inner-col:before{opacity:0.3;}.kadence-column150_b26116-f5{position:relative;}@media all and (max-width: 1024px){.kadence-column150_b26116-f5 > .kt-inside-inner-col{flex-direction:column;justify-content:center;}}@media all and (max-width: 767px){.kadence-column150_b26116-f5 > .kt-inside-inner-col{flex-direction:column;justify-content:center;}}<\/style>\n<div class=\"wp-block-kadence-column kadence-column150_b26116-f5\"><div class=\"kt-inside-inner-col\"><style>.wp-block-kadence-advancedheading.kt-adv-heading150_aeca00-8c, .wp-block-kadence-advancedheading.kt-adv-heading150_aeca00-8c[data-kb-block=\"kb-adv-heading150_aeca00-8c\"]{padding-top:50px;padding-left:50px;text-align:left;font-weight:400;font-style:normal;font-family:Spinnaker;}.wp-block-kadence-advancedheading.kt-adv-heading150_aeca00-8c mark.kt-highlight, .wp-block-kadence-advancedheading.kt-adv-heading150_aeca00-8c[data-kb-block=\"kb-adv-heading150_aeca00-8c\"] mark.kt-highlight{font-style:normal;color:#f76a0c;-webkit-box-decoration-break:clone;box-decoration-break:clone;padding-top:0px;padding-right:0px;padding-bottom:0px;padding-left:0px;}@media all and (max-width: 767px){.wp-block-kadence-advancedheading.kt-adv-heading150_aeca00-8c, .wp-block-kadence-advancedheading.kt-adv-heading150_aeca00-8c[data-kb-block=\"kb-adv-heading150_aeca00-8c\"]{padding-top:0px;padding-left:0px;text-align:center!important;}}<\/style>\n<h2 class=\"kt-adv-heading150_aeca00-8c wp-block-kadence-advancedheading\" data-kb-block=\"kb-adv-heading150_aeca00-8c\">HERMANO<\/h2>\n\n\n<style>.wp-block-kadence-advancedheading.kt-adv-heading150_e50c57-64, .wp-block-kadence-advancedheading.kt-adv-heading150_e50c57-64[data-kb-block=\"kb-adv-heading150_e50c57-64\"]{padding-right:50px;padding-left:50px;font-style:normal;}.wp-block-kadence-advancedheading.kt-adv-heading150_e50c57-64 mark.kt-highlight, .wp-block-kadence-advancedheading.kt-adv-heading150_e50c57-64[data-kb-block=\"kb-adv-heading150_e50c57-64\"] mark.kt-highlight{font-style:normal;color:#f76a0c;-webkit-box-decoration-break:clone;box-decoration-break:clone;padding-top:0px;padding-right:0px;padding-bottom:0px;padding-left:0px;}@media all and (max-width: 767px){.wp-block-kadence-advancedheading.kt-adv-heading150_e50c57-64, .wp-block-kadence-advancedheading.kt-adv-heading150_e50c57-64[data-kb-block=\"kb-adv-heading150_e50c57-64\"]{padding-right:24px;padding-left:24px;}}<\/style>\n<p class=\"kt-adv-heading150_e50c57-64 wp-block-kadence-advancedheading\" data-kb-block=\"kb-adv-heading150_e50c57-64\">Fa\u00e7a uma viagem panor\u00e2mica de 15 minutos pelo vale at\u00e9 \u00e0 cidade. Para al\u00e9m de uma infinidade de restaurantes para satisfazer todos os gostos e or\u00e7amentos, h\u00e1 muitas lojas para desfrutar, que incluem galerias de arte, vestu\u00e1rio, livrarias \u00fanicas, sal\u00f5es de cabeleireiro e tratamentos de spa.<br><br>D\u00ea um passeio nas praias ou ao longo das fal\u00e9sias c\u00e9nicas e dos trilhos da reserva natural da montanha. O Hermanus Golf Club atrai visitantes de todo o mundo. A observa\u00e7\u00e3o de baleias pode ser apreciada entre junho e novembro. Desfrute das muitas praias e piscinas de mar\u00e9 que abra\u00e7am a costa, incluindo a Praia de Bandeira Azul em Grotto.<br><br>No s\u00e1bado de manh\u00e3, desfrute do ambiente local do mercado rural, onde a comida \u00e9 preparada localmente, produtos frescos e in\u00fameras bancas para comprar produtos. Para aqueles que procuram um pouco de educa\u00e7\u00e3o, fa\u00e7a uma visita guiada \u00e0 ag\u00eancia espacial SANSA.<br><br>Para os desportistas e aventureiros, h\u00e1 t\u00e9nis, padel, pickleball, squash, caiaque no mar, moto-quatro, ziplining, ou teste os seus nervos com o parapente. H\u00e1 uma abund\u00e2ncia de passeios panor\u00e2micos para desfrutar no interior e ao longo da costa.<br><br>A mistura \u00fanica de beleza natural, porto, montanha e a sua cultura vibrante fazem desta cidade um destino como nenhum outro.<\/p>\n<\/div><\/div>\n\n\n<style>.kadence-column150_4167ec-ef > .kt-inside-inner-col,.kadence-column150_4167ec-ef > .kt-inside-inner-col:before{border-top-left-radius:0px;border-top-right-radius:0px;border-bottom-right-radius:0px;border-bottom-left-radius:0px;}.kadence-column150_4167ec-ef > .kt-inside-inner-col{column-gap:var(--global-kb-gap-sm, 1rem);}.kadence-column150_4167ec-ef > .kt-inside-inner-col{flex-direction:column;}.kadence-column150_4167ec-ef > .kt-inside-inner-col > .aligncenter{width:100%;}.kadence-column150_4167ec-ef > .kt-inside-inner-col:before{opacity:0.3;}.kadence-column150_4167ec-ef{position:relative;}@media all and (max-width: 1024px){.kadence-column150_4167ec-ef > .kt-inside-inner-col{flex-direction:column;justify-content:center;}}@media all and (max-width: 767px){.kadence-column150_4167ec-ef > .kt-inside-inner-col{flex-direction:column;justify-content:center;}}<\/style>\n<div class=\"wp-block-kadence-column kadence-column150_4167ec-ef\"><div class=\"kt-inside-inner-col\"><style>.kb-image150_93831e-fb:not(.kb-image-is-ratio-size) .kb-img, .kb-image150_93831e-fb.kb-image-is-ratio-size{padding-right:0px;}.kb-image150_93831e-fb .kb-image-has-overlay:after{opacity:0.3;}<\/style>\n<div class=\"wp-block-kadence-image kb-image150_93831e-fb\"><figure class=\"aligncenter size-large\"><img loading=\"lazy\" decoding=\"async\" width=\"1024\" height=\"682\" src=\"https:\/\/www.portfoliolifestyle.co.za\/wp-content\/uploads\/Hermanus-1024x682.jpg\" alt=\"Hermanus\" class=\"kb-img wp-image-193\" srcset=\"https:\/\/www.portfoliolifestyle.co.za\/wp-content\/uploads\/Hermanus-1024x682.jpg 1024w, https:\/\/www.portfoliolifestyle.co.za\/wp-content\/uploads\/Hermanus-300x200.jpg 300w, https:\/\/www.portfoliolifestyle.co.za\/wp-content\/uploads\/Hermanus-768x512.jpg 768w, https:\/\/www.portfoliolifestyle.co.za\/wp-content\/uploads\/Hermanus.jpg 1280w\" sizes=\"auto, (max-width: 1024px) 100vw, 1024px\" \/><\/figure><\/div>\n<\/div><\/div>\n\n<\/div><\/div>\n\n<style>.kb-row-layout-id150_a22a9b-d3 > .kt-row-column-wrap{align-content:start;}:where(.kb-row-layout-id150_a22a9b-d3 > .kt-row-column-wrap) > .wp-block-kadence-column{justify-content:start;}.kb-row-layout-id150_a22a9b-d3 > .kt-row-column-wrap{column-gap:var(--global-kb-gap-md, 2rem);row-gap:var(--global-kb-gap-md, 2rem);padding-top:50px;padding-bottom:50px;grid-template-columns:minmax(0, 1fr);}.kb-row-layout-id150_a22a9b-d3 > .kt-row-layout-overlay{opacity:0.30;}@media all and (max-width: 1024px){.kb-row-layout-id150_a22a9b-d3 > .kt-row-column-wrap{grid-template-columns:minmax(0, 1fr);}}@media all and (max-width: 767px){.kb-row-layout-id150_a22a9b-d3 > .kt-row-column-wrap{grid-template-columns:minmax(0, 1fr);}}<\/style><div class=\"kb-row-layout-wrap kb-row-layout-id150_a22a9b-d3 alignnone has-theme-palette1-background-color kt-row-has-bg wp-block-kadence-rowlayout\"><div class=\"kt-row-column-wrap kt-has-1-columns kt-row-layout-equal kt-tab-layout-inherit kt-mobile-layout-row kt-row-valign-top\">\n<style>.kadence-column150_eadddd-c5 > .kt-inside-inner-col,.kadence-column150_eadddd-c5 > .kt-inside-inner-col:before{border-top-left-radius:0px;border-top-right-radius:0px;border-bottom-right-radius:0px;border-bottom-left-radius:0px;}.kadence-column150_eadddd-c5 > .kt-inside-inner-col{column-gap:var(--global-kb-gap-sm, 1rem);}.kadence-column150_eadddd-c5 > .kt-inside-inner-col{flex-direction:column;}.kadence-column150_eadddd-c5 > .kt-inside-inner-col > .aligncenter{width:100%;}.kadence-column150_eadddd-c5 > .kt-inside-inner-col:before{opacity:0.3;}.kadence-column150_eadddd-c5{position:relative;}@media all and (max-width: 1024px){.kadence-column150_eadddd-c5 > .kt-inside-inner-col{flex-direction:column;justify-content:center;}}@media all and (max-width: 767px){.kadence-column150_eadddd-c5 > .kt-inside-inner-col{flex-direction:column;justify-content:center;}}<\/style>\n<div class=\"wp-block-kadence-column kadence-column150_eadddd-c5\"><div class=\"kt-inside-inner-col\"><\/div><\/div>\n\n<\/div><\/div>","protected":false},"excerpt":{"rendered":"<p>THE FARM Experience the working farm. Enjoy swimming in the dams, fyn bos walking, incredible birdlife which include South Africa\u2019s national bird, the Blue Crane, and birds of prey, Jackal Buzzard, Black Harrier and African Fish Eagle that grace the farm. Soak in the serene environment and the tranquil beauty. THE VALLEY Famed for its&#8230;<\/p>","protected":false},"author":1,"featured_media":0,"parent":0,"menu_order":0,"comment_status":"closed","ping_status":"closed","template":"","meta":{"_kad_post_transparent":"disable","_kad_post_title":"default","_kad_post_layout":"fullwidth","_kad_post_sidebar_id":"","_kad_post_content_style":"unboxed","_kad_post_vertical_padding":"","_kad_post_feature":"","_kad_post_feature_position":"","_kad_post_header":false,"_kad_post_footer":false,"footnotes":""},"class_list":["post-150","page","type-page","status-publish","hentry"],"_links":{"self":[{"href":"https:\/\/www.portfoliolifestyle.co.za\/pt\/wp-json\/wp\/v2\/pages\/150","targetHints":{"allow":["GET"]}}],"collection":[{"href":"https:\/\/www.portfoliolifestyle.co.za\/pt\/wp-json\/wp\/v2\/pages"}],"about":[{"href":"https:\/\/www.portfoliolifestyle.co.za\/pt\/wp-json\/wp\/v2\/types\/page"}],"author":[{"embeddable":true,"href":"https:\/\/www.portfoliolifestyle.co.za\/pt\/wp-json\/wp\/v2\/users\/1"}],"replies":[{"embeddable":true,"href":"https:\/\/www.portfoliolifestyle.co.za\/pt\/wp-json\/wp\/v2\/comments?post=150"}],"version-history":[{"count":38,"href":"https:\/\/www.portfoliolifestyle.co.za\/pt\/wp-json\/wp\/v2\/pages\/150\/revisions"}],"predecessor-version":[{"id":509,"href":"https:\/\/www.portfoliolifestyle.co.za\/pt\/wp-json\/wp\/v2\/pages\/150\/revisions\/509"}],"wp:attachment":[{"href":"https:\/\/www.portfoliolifestyle.co.za\/pt\/wp-json\/wp\/v2\/media?parent=150"}],"curies":[{"name":"wp","href":"https:\/\/api.w.org\/{rel}","templated":true}]}}